{"id":15,"date":"2018-06-08T11:57:19","date_gmt":"2018-06-08T11:57:19","guid":{"rendered":"https:\/\/eclairagelineaire.fr\/?page_id=15"},"modified":"2020-09-21T11:46:21","modified_gmt":"2020-09-21T11:46:21","slug":"over-ons","status":"publish","type":"page","link":"https:\/\/eclairagelineaire.fr\/nl_nl\/over-ons\/","title":{"rendered":"\u00c0 propos de nous"},"content":{"rendered":"<div id=\"tw-target-text-container\" class=\"tw-ta-container hide-focus-ring tw-nfl\" tabindex=\"0\">\n<pre id=\"tw-target-text\" class=\"tw-data-text tw-text-large XcVN5d tw-ta\" dir=\"ltr\" data-placeholder=\"Vertaling\"><span lang=\"fr\">Ledline  est sp\u00e9cialis\u00e9e dans l'\u00e9clairage industriel. Nos luminaires sont \u00e9galement utilis\u00e9s dans le commerce de d\u00e9tail. Pensez aux magasins de bricolage, aux salles d'exposition automobiles, aux centres de jardinage. Nous pouvons \u00e9galement fournir des parkings avec un \u00e9clairage intelligent, gr\u00e2ce auquel nous pouvons \u00e9galement int\u00e9grer de nouvelles technologies externes dans nos appareils d'\u00e9clairage, telles que le guidage d'itin\u00e9raire vers des lieux libres, le support WiFi \/ 5G, IR \/ Radar, etc.\r\n\r\nEn plus d'un produit durable, nous visons la durabilit\u00e9 dans toute notre organisation. Nous faisons cela de diff\u00e9rentes mani\u00e8res. Par exemple, nos produits sont fabriqu\u00e9s avec des composants surdimensionn\u00e9s, ce qui garantit une longue dur\u00e9e de vie. Des ateliers sociaux dans la r\u00e9gion sont \u00e9galement utilis\u00e9s. Les mati\u00e8res premi\u00e8res de Ledline sont fournies aussi localement que possible et des mati\u00e8res recycl\u00e9es ET recyclables sont utilis\u00e9es autant que possible. Prenons l'exemple d'un capuchon d'extr\u00e9mit\u00e9 en plastique recycl\u00e9. Nous fabriquons \u00e9galement des luminaires qui s'int\u00e8grent dans de nombreux cas aux profils de support existants. Cela permet dans de nombreux cas d'\u00e9changer uniquement les luminaires et donc de maintenir une infrastructure existante. Depuis 2018, quasiment aucun mat\u00e9riau d'emballage n'est utilis\u00e9, mais les luminaires sont transport\u00e9s dans des chariots de transport. Ces chariots de transport sont restitu\u00e9s \u00e0 l'entreprise au moyen d'un syst\u00e8me de consigne.\r\nwww.ledline-bv.nl<\/span><\/pre>\n<\/div>\n<div id=\"tw-target-rmn-container\" class=\"tw-ta-container hide-focus-ring tw-nfl\">\n<pre id=\"tw-target-rmn\" class=\"tw-data-placeholder tw-text-small tw-ta\" dir=\"ltr\" data-placeholder=\"\"><\/pre>\n<\/div>\n<p>&nbsp;<\/p>\n<p>info@ledline-bv.nl<\/p>\n<p>&nbsp;<\/p>\n","protected":false},"excerpt":{"rendered":"<p>Ledline est sp\u00e9cialis\u00e9e dans l&#8217;\u00e9clairage industriel. Nos luminaires sont \u00e9galement utilis\u00e9s dans le commerce de d\u00e9tail. Pensez aux magasins de bricolage, aux salles d&#8217;exposition automobiles, aux centres de jardinage. Nous pouvons \u00e9galement fournir des parkings avec un \u00e9clairage intelligent, gr\u00e2ce auquel nous pouvons \u00e9galement int\u00e9grer de nouvelles technologies externes dans nos appareils d&#8217;\u00e9clairage, telles que <a href=\"https:\/\/eclairagelineaire.fr\/nl_nl\/over-ons\/\" rel=\"nofollow\"><span class=\"sr-only\">Lees meer over\u00c0 propos de nous<\/span>[&hellip;]<\/a><\/p>\n","protected":false},"author":1,"featured_media":0,"parent":0,"menu_order":0,"comment_status":"closed","ping_status":"closed","template":"","meta":[],"_links":{"self":[{"href":"https:\/\/eclairagelineaire.fr\/nl_nl\/wp-json\/wp\/v2\/pages\/15"}],"collection":[{"href":"https:\/\/eclairagelineaire.fr\/nl_nl\/wp-json\/wp\/v2\/pages"}],"about":[{"href":"https:\/\/eclairagelineaire.fr\/nl_nl\/wp-json\/wp\/v2\/types\/page"}],"author":[{"embeddable":true,"href":"https:\/\/eclairagelineaire.fr\/nl_nl\/wp-json\/wp\/v2\/users\/1"}],"replies":[{"embeddable":true,"href":"https:\/\/eclairagelineaire.fr\/nl_nl\/wp-json\/wp\/v2\/comments?post=15"}],"version-history":[{"count":0,"href":"https:\/\/eclairagelineaire.fr\/nl_nl\/wp-json\/wp\/v2\/pages\/15\/revisions"}],"wp:attachment":[{"href":"https:\/\/eclairagelineaire.fr\/nl_nl\/wp-json\/wp\/v2\/media?parent=15"}],"curies":[{"name":"wp","href":"https:\/\/api.w.org\/{rel}","templated":true}]}}